{"id":370,"date":"2022-10-07T10:35:01","date_gmt":"2022-10-07T08:35:01","guid":{"rendered":"http:\/\/jequguge.cyon.site\/?page_id=370"},"modified":"2023-01-05T14:13:45","modified_gmt":"2023-01-05T13:13:45","slug":"protection-des-donnees","status":"publish","type":"page","link":"https:\/\/metassociation.ch\/fr\/index.php\/protection-des-donnees\/","title":{"rendered":"Protection des donn\u00e9es"},"content":{"rendered":"<p><strong>Protection des donn\u00e9es<\/strong><\/p>\n<p>En vertu de l&rsquo;article 13 de la Constitution f\u00e9d\u00e9rale suisse et des dispositions f\u00e9d\u00e9rales relatives \u00e0 la protection des donn\u00e9es (loi sur la protection des donn\u00e9es, LPD), toute personne a droit \u00e0 la protection de sa sph\u00e8re priv\u00e9e ainsi qu&rsquo;\u00e0 la protection contre l&#8217;emploi abusif de ses donn\u00e9es personnelles. Nous respectons ces dispositions.<\/p>\n<p>Aucune donn\u00e9e des visiteurs\/visiteuses n&rsquo;est collect\u00e9e sur metassociation.ch et aucun tracker n&rsquo;est actif. Des cookies sont install\u00e9s exclusivement pour le CMS &#8211; les cookies ne collectent pas de donn\u00e9es, mais assurent uniquement le fonctionnement. En \u00e9troite collaboration avec nos fournisseurs d&rsquo;h\u00e9bergement, nous nous effor\u00e7ons de prot\u00e9ger autant que possible les bases de donn\u00e9es contre les acc\u00e8s \u00e9trangers, les pertes, les abus ou les falsifications.<\/p>\n<p><strong>Objectif et contenu du site web<\/strong><\/p>\n<p>Ce site web fournit des informations sur la Swiss Metavere Association.<\/p>\n<p><strong>Sans engagement<\/strong><\/p>\n<p>Alors que metassociation.ch s&rsquo;efforce en permanence de mettre \u00e0 disposition des informations correctes et actuelles sur le site, aucune garantie n&rsquo;est donn\u00e9e quant au contenu. Toutes les informations contenues sur le site sont sans engagement. Les informations publi\u00e9es peuvent \u00e0 tout moment et sans pr\u00e9avis \u00eatre modifi\u00e9es, supprim\u00e9es ou leur publication peut \u00eatre interrompue temporairement ou d\u00e9finitivement. metassociation.ch n&rsquo;assume aucune garantie (expresse ou tacite) quant \u00e0 l&rsquo;exactitude, l&rsquo;exhaustivit\u00e9 et l&rsquo;actualit\u00e9 des informations mises \u00e0 disposition sur le site Internet. swisscai.ch n&rsquo;est notamment pas tenue de retirer du site Internet les informations qui ne sont plus actuelles ou de les d\u00e9signer express\u00e9ment comme telles.<\/p>\n<p><strong>Limitations de responsabilit\u00e9<\/strong><\/p>\n<p>L&rsquo;utilisation des contenus et des informations mis \u00e0 disposition sur le site metassociation.ch se fait aux seuls risques de l&rsquo;utilisateur. swisscai.ch exclut sans restriction toute responsabilit\u00e9 pour les pertes ou les dommages de quelque nature que ce soit &#8211; qu&rsquo;il s&rsquo;agisse de dommages directs, indirects ou cons\u00e9cutifs &#8211; qui pourraient r\u00e9sulter de l&rsquo;utilisation du site metassociation.ch ou de liens vers des sites de tiers. De plus, metassociation.ch d\u00e9cline toute responsabilit\u00e9 en cas de manipulation du syst\u00e8me informatique de l&rsquo;internaute par des personnes non autoris\u00e9es.<\/p>\n<p><strong>Liens vers d&rsquo;autres sites web<\/strong><\/p>\n<p>Certains liens sur le site metassociation.ch m\u00e8nent \u00e0 des sites web de tiers. Ceux-ci \u00e9chappent totalement \u00e0 l&rsquo;influence de swisscai.ch, raison pour laquelle nous n&rsquo;assumons aucune responsabilit\u00e9 quant \u00e0 l&rsquo;exactitude, l&rsquo;exhaustivit\u00e9 et la l\u00e9galit\u00e9 du contenu de tels sites, ni quant aux \u00e9ventuelles offres qu&rsquo;ils contiennent. Seul le fournisseur du site est responsable des contenus ill\u00e9gaux, erron\u00e9s ou incomplets et en particulier des dommages r\u00e9sultant de l&rsquo;utilisation ou de la non-utilisation des liens.<\/p>\n<p><strong>Droits d&rsquo;auteur<\/strong><\/p>\n<p>Le contenu du site metassociation.chest prot\u00e9g\u00e9 par le droit d&rsquo;auteur. L&rsquo;utilisation commerciale du contenu par toute forme de reproduction, de diffusion et de modification est interdite sans l&rsquo;accord \u00e9crit pr\u00e9alable de swisscai.ch. Tous les droits de propri\u00e9t\u00e9 restent la propri\u00e9t\u00e9 de metassociation.ch.<\/p>\n<p>&nbsp;<\/p>\n<p>&nbsp;<\/p>\n","protected":false},"excerpt":{"rendered":"<p>Protection des donn\u00e9es En vertu de l&rsquo;article 13 de la Constitution f\u00e9d\u00e9rale suisse et des dispositions f\u00e9d\u00e9rales relatives \u00e0 la protection des donn\u00e9es (loi sur la protection des donn\u00e9es, LPD), toute personne a droit \u00e0 la protection de sa sph\u00e8re priv\u00e9e ainsi qu&rsquo;\u00e0 la protection contre l&#8217;emploi abusif de ses donn\u00e9es personnelles. Nous respectons ces [&hellip;]<\/p>\n","protected":false},"author":2,"featured_media":0,"parent":0,"menu_order":0,"comment_status":"closed","ping_status":"open","template":"","meta":{"footnotes":""},"class_list":["post-370","page","type-page","status-publish","hentry"],"yoast_head":"<!-- This site is optimized with the Yoast SEO plugin v19.10 - https:\/\/yoast.com\/wordpress\/plugins\/seo\/ -->\n<title>Protection des donn\u00e9es - Metassociation<\/title>\n<meta name=\"description\" content=\"La Swiss Metaverse Association veut faire avancer le d\u00e9bat public pour que les projets Metaverse soient mis en \u0153uvre avec succ\u00e8s en Suisse.\" \/>\n<meta name=\"robots\" content=\"index, follow, max-snippet:-1, max-image-preview:large, max-video-preview:-1\" \/>\n<link rel=\"canonical\" href=\"https:\/\/metassociation.ch\/fr\/index.php\/protection-des-donnees\/\" \/>\n<meta property=\"og:locale\" content=\"fr_FR\" \/>\n<meta property=\"og:type\" content=\"article\" \/>\n<meta property=\"og:title\" content=\"Protection des donn\u00e9es - Metassociation\" \/>\n<meta property=\"og:description\" content=\"La Swiss Metaverse Association veut faire avancer le d\u00e9bat public pour que les projets Metaverse soient mis en \u0153uvre avec succ\u00e8s en Suisse.\" \/>\n<meta property=\"og:url\" content=\"https:\/\/metassociation.ch\/fr\/index.php\/protection-des-donnees\/\" \/>\n<meta property=\"og:site_name\" content=\"Metassociation\" \/>\n<meta property=\"article:modified_time\" content=\"2023-01-05T13:13:45+00:00\" \/>\n<meta name=\"twitter:card\" content=\"summary_large_image\" \/>\n<meta name=\"twitter:site\" content=\"@SwissMetaverse\" \/>\n<meta name=\"twitter:label1\" content=\"Dur\u00e9e de lecture estim\u00e9e\" \/>\n\t<meta name=\"twitter:data1\" content=\"3 minutes\" \/>\n<script type=\"application\/ld+json\" class=\"yoast-schema-graph\">{\"@context\":\"https:\/\/schema.org\",\"@graph\":[{\"@type\":\"WebPage\",\"@id\":\"https:\/\/metassociation.ch\/fr\/index.php\/protection-des-donnees\/\",\"url\":\"https:\/\/metassociation.ch\/fr\/index.php\/protection-des-donnees\/\",\"name\":\"Protection des donn\u00e9es - Metassociation\",\"isPartOf\":{\"@id\":\"https:\/\/metassociation.ch\/#website\"},\"datePublished\":\"2022-10-07T08:35:01+00:00\",\"dateModified\":\"2023-01-05T13:13:45+00:00\",\"description\":\"La Swiss Metaverse Association veut faire avancer le d\u00e9bat public pour que les projets Metaverse soient mis en \u0153uvre avec succ\u00e8s en Suisse.\",\"breadcrumb\":{\"@id\":\"https:\/\/metassociation.ch\/fr\/index.php\/protection-des-donnees\/#breadcrumb\"},\"inLanguage\":\"fr-FR\",\"potentialAction\":[{\"@type\":\"ReadAction\",\"target\":[\"https:\/\/metassociation.ch\/fr\/index.php\/protection-des-donnees\/\"]}]},{\"@type\":\"BreadcrumbList\",\"@id\":\"https:\/\/metassociation.ch\/fr\/index.php\/protection-des-donnees\/#breadcrumb\",\"itemListElement\":[{\"@type\":\"ListItem\",\"position\":1,\"name\":\"Startseite\",\"item\":\"https:\/\/metassociation.ch\/fr\/index.php\/swiss-metaverse-association\/\"},{\"@type\":\"ListItem\",\"position\":2,\"name\":\"Protection des donn\u00e9es\"}]},{\"@type\":\"WebSite\",\"@id\":\"https:\/\/metassociation.ch\/#website\",\"url\":\"https:\/\/metassociation.ch\/\",\"name\":\"Metassociation\",\"description\":\"Eine weitere WordPress-Website\",\"potentialAction\":[{\"@type\":\"SearchAction\",\"target\":{\"@type\":\"EntryPoint\",\"urlTemplate\":\"https:\/\/metassociation.ch\/?s={search_term_string}\"},\"query-input\":\"required name=search_term_string\"}],\"inLanguage\":\"fr-FR\"}]}<\/script>\n<!-- \/ Yoast SEO plugin. -->","yoast_head_json":{"title":"Protection des donn\u00e9es - Metassociation","description":"La Swiss Metaverse Association veut faire avancer le d\u00e9bat public pour que les projets Metaverse soient mis en \u0153uvre avec succ\u00e8s en Suisse.","robots":{"index":"index","follow":"follow","max-snippet":"max-snippet:-1","max-image-preview":"max-image-preview:large","max-video-preview":"max-video-preview:-1"},"canonical":"https:\/\/metassociation.ch\/fr\/index.php\/protection-des-donnees\/","og_locale":"fr_FR","og_type":"article","og_title":"Protection des donn\u00e9es - Metassociation","og_description":"La Swiss Metaverse Association veut faire avancer le d\u00e9bat public pour que les projets Metaverse soient mis en \u0153uvre avec succ\u00e8s en Suisse.","og_url":"https:\/\/metassociation.ch\/fr\/index.php\/protection-des-donnees\/","og_site_name":"Metassociation","article_modified_time":"2023-01-05T13:13:45+00:00","twitter_card":"summary_large_image","twitter_site":"@SwissMetaverse","twitter_misc":{"Dur\u00e9e de lecture estim\u00e9e":"3 minutes"},"schema":{"@context":"https:\/\/schema.org","@graph":[{"@type":"WebPage","@id":"https:\/\/metassociation.ch\/fr\/index.php\/protection-des-donnees\/","url":"https:\/\/metassociation.ch\/fr\/index.php\/protection-des-donnees\/","name":"Protection des donn\u00e9es - Metassociation","isPartOf":{"@id":"https:\/\/metassociation.ch\/#website"},"datePublished":"2022-10-07T08:35:01+00:00","dateModified":"2023-01-05T13:13:45+00:00","description":"La Swiss Metaverse Association veut faire avancer le d\u00e9bat public pour que les projets Metaverse soient mis en \u0153uvre avec succ\u00e8s en Suisse.","breadcrumb":{"@id":"https:\/\/metassociation.ch\/fr\/index.php\/protection-des-donnees\/#breadcrumb"},"inLanguage":"fr-FR","potentialAction":[{"@type":"ReadAction","target":["https:\/\/metassociation.ch\/fr\/index.php\/protection-des-donnees\/"]}]},{"@type":"BreadcrumbList","@id":"https:\/\/metassociation.ch\/fr\/index.php\/protection-des-donnees\/#breadcrumb","itemListElement":[{"@type":"ListItem","position":1,"name":"Startseite","item":"https:\/\/metassociation.ch\/fr\/index.php\/swiss-metaverse-association\/"},{"@type":"ListItem","position":2,"name":"Protection des donn\u00e9es"}]},{"@type":"WebSite","@id":"https:\/\/metassociation.ch\/#website","url":"https:\/\/metassociation.ch\/","name":"Metassociation","description":"Eine weitere WordPress-Website","potentialAction":[{"@type":"SearchAction","target":{"@type":"EntryPoint","urlTemplate":"https:\/\/metassociation.ch\/?s={search_term_string}"},"query-input":"required name=search_term_string"}],"inLanguage":"fr-FR"}]}},"_links":{"self":[{"href":"https:\/\/metassociation.ch\/fr\/index.php\/wp-json\/wp\/v2\/pages\/370","targetHints":{"allow":["GET"]}}],"collection":[{"href":"https:\/\/metassociation.ch\/fr\/index.php\/wp-json\/wp\/v2\/pages"}],"about":[{"href":"https:\/\/metassociation.ch\/fr\/index.php\/wp-json\/wp\/v2\/types\/page"}],"author":[{"embeddable":true,"href":"https:\/\/metassociation.ch\/fr\/index.php\/wp-json\/wp\/v2\/users\/2"}],"replies":[{"embeddable":true,"href":"https:\/\/metassociation.ch\/fr\/index.php\/wp-json\/wp\/v2\/comments?post=370"}],"version-history":[{"count":4,"href":"https:\/\/metassociation.ch\/fr\/index.php\/wp-json\/wp\/v2\/pages\/370\/revisions"}],"predecessor-version":[{"id":399,"href":"https:\/\/metassociation.ch\/fr\/index.php\/wp-json\/wp\/v2\/pages\/370\/revisions\/399"}],"wp:attachment":[{"href":"https:\/\/metassociation.ch\/fr\/index.php\/wp-json\/wp\/v2\/media?parent=370"}],"curies":[{"name":"wp","href":"https:\/\/api.w.org\/{rel}","templated":true}]}}